{"id":137,"date":"2025-02-26T12:44:49","date_gmt":"2025-02-26T12:44:49","guid":{"rendered":"https:\/\/pretopsicoloxia.com\/services\/"},"modified":"2025-11-05T12:45:53","modified_gmt":"2025-11-05T12:45:53","slug":"services","status":"publish","type":"page","link":"https:\/\/pretopsicoloxia.com\/gl\/services\/","title":{"rendered":"Servizos"},"content":{"rendered":"<div class=\"wp-block-uagb-container uagb-block-27ef9fe0 alignfull uagb-is-root-container\"><div class=\"uagb-container-inner-blocks-wrap\">\n<div class=\"wp-block-uagb-info-box uagb-block-d444f0cc uagb-infobox__content-wrap  uagb-infobox-icon-above-title uagb-infobox-image-valign-top wp-block-uagb-info-box--has-margin\"><div class=\"uagb-infobox-margin-wrapper\"><div class=\"uagb-ifb-content\"><div class=\"uagb-ifb-separator\"><\/div><div class=\"uagb-ifb-title-wrap\"><h1 class=\"uagb-ifb-title\">Servizos<\/h1><\/div><\/div><\/div><\/div>\n<\/div><\/div>\n\n\n\n<div class=\"wp-block-uagb-container uagb-block-ece67d19 alignfull uagb-is-root-container\"><div class=\"uagb-container-inner-blocks-wrap\"><div class=\"wp-block-uagb-faq uagb-faq__outer-wrap uagb-block-dfd97605 uagb-faq-icon-row uagb-faq-layout-accordion uagb-faq-expand-first-false uagb-faq-inactive-other-true uagb-faq__wrap uagb-buttons-layout-wrap uagb-faq-equal-height\" data-faqtoggle=\"true\" role=\"tablist\"><div class=\"wp-block-uagb-faq-child uagb-faq-child__outer-wrap uagb-faq-item uagb-block-d67b7480\" role=\"tab\" tabindex=\"0\"><div class=\"uagb-faq-questions-button uagb-faq-questions\">\t\t\t<span class=\"uagb-icon uagb-faq-icon-wrap\">\n\t\t\t\t\t\t\t\t<svg xmlns=\"https:\/\/www.w3.org\/2000\/svg\" viewbox= \"0 0 448 512\"><path d=\"M432 256c0 17.69-14.33 32.01-32 32.01H256v144c0 17.69-14.33 31.99-32 31.99s-32-14.3-32-31.99v-144H48c-17.67 0-32-14.32-32-32.01s14.33-31.99 32-31.99H192v-144c0-17.69 14.33-32.01 32-32.01s32 14.32 32 32.01v144h144C417.7 224 432 238.3 432 256z\"><\/path><\/svg>\n\t\t\t\t\t\t\t<\/span>\n\t\t\t\t\t\t<span class=\"uagb-icon-active uagb-faq-icon-wrap\">\n\t\t\t\t\t\t\t\t<svg xmlns=\"https:\/\/www.w3.org\/2000\/svg\" viewbox= \"0 0 448 512\"><path d=\"M400 288h-352c-17.69 0-32-14.32-32-32.01s14.31-31.99 32-31.99h352c17.69 0 32 14.3 32 31.99S417.7 288 400 288z\"><\/path><\/svg>\n\t\t\t\t\t\t\t<\/span>\n\t\t\t<span class=\"uagb-question\"><strong>Dificultades que podemos abordar<\/strong>:<\/span><\/div><div class=\"uagb-faq-content\"><p>Aqu\u00ed podemos traballar conxuntamente nas dificultades que estean a interferir no teu benestar ou na maneira de vivir o d\u00eda a d\u00eda. <br><br>Algunhas das m\u00e1is habituais son:<br><br>-Ansiedade.<br>-Estr\u00e9s.<br>-Estado de \u00e1nimo baixo ou falta de motivaci\u00f3n.<br>-Autoestima.<br>-Ataques de p\u00e1nico.<br>-Sensaci\u00f3n de baleiro ou desorientaci\u00f3n.<br>-Dificultades nas relaci\u00f3ns persoais ou familiares.<br>-Problemas laborais.<br>-Cambios vitais ou decisi\u00f3ns complexas.<br>-Emoci\u00f3ns intensas ou dif\u00edciles de xestionar.<br>-Pensamentos repetitivos o bloqueantes.<br>-Impulsividade.<br>-Irritabilidade ou frustraci\u00f3n.<br>-Dificultades para po\u00f1er l\u00edmites.<br>-H\u00e1bitos saudables dif\u00edciles de manter.<br><br>Non \u00e9 necesario que te identifiques con todo o que ves aqu\u00ed. Se algo disto che resoa, xa \u00e9 un bo punto de partida para comezar a traballar.<br><\/p><\/div><\/div><div class=\"wp-block-uagb-faq-child uagb-faq-child__outer-wrap uagb-faq-item uagb-block-ab69b1e3\" role=\"tab\" tabindex=\"0\"><div class=\"uagb-faq-questions-button uagb-faq-questions\">\t\t\t<span class=\"uagb-icon uagb-faq-icon-wrap\">\n\t\t\t\t\t\t\t\t<svg xmlns=\"https:\/\/www.w3.org\/2000\/svg\" viewbox= \"0 0 448 512\"><path d=\"M432 256c0 17.69-14.33 32.01-32 32.01H256v144c0 17.69-14.33 31.99-32 31.99s-32-14.3-32-31.99v-144H48c-17.67 0-32-14.32-32-32.01s14.33-31.99 32-31.99H192v-144c0-17.69 14.33-32.01 32-32.01s32 14.32 32 32.01v144h144C417.7 224 432 238.3 432 256z\"><\/path><\/svg>\n\t\t\t\t\t\t\t<\/span>\n\t\t\t\t\t\t<span class=\"uagb-icon-active uagb-faq-icon-wrap\">\n\t\t\t\t\t\t\t\t<svg xmlns=\"https:\/\/www.w3.org\/2000\/svg\" viewbox= \"0 0 448 512\"><path d=\"M400 288h-352c-17.69 0-32-14.32-32-32.01s14.31-31.99 32-31.99h352c17.69 0 32 14.3 32 31.99S417.7 288 400 288z\"><\/path><\/svg>\n\t\t\t\t\t\t\t<\/span>\n\t\t\t<span class=\"uagb-question\"><strong>Psicoterapia estruturada<\/strong>:<\/span><\/div><div class=\"uagb-faq-content\"><p>O proceso terap\u00e9utico estrut\u00farase de maneira clara e progresiva. Comezamos cunha avaliaci\u00f3n inicial, na que recollemos informaci\u00f3n sobre a t\u00faa situaci\u00f3n, historia e obxectivos.\u00a0<br><br>A continuaci\u00f3n realizamos unha devoluci\u00f3n, un espazo para explicarche como entendemos o que est\u00e1 a suceder e que plan de traballo pode ter m\u00e1is sentido para ti.<br><br>Despois pasamos \u00e1 intervenci\u00f3n, onde aplicamos estratexias que che axuden a modificar condutas, afrontar situaci\u00f3ns de forma m\u00e1is efectiva e avanzar cara ao que consideras importante. Non se trata s\u00f3 de falar, sen\u00f3n de practicar novas maneiras de actuar e observar os resultados na t\u00faa vida coti\u00e1.<br><br>Finalmente, realizamos un seguimento, para consolidar os cambios e previr reca\u00eddas.<br><br>Todo o proceso bas\u00e9ase en principios e t\u00e9cnicas validadas cientificamente, pero sempre adaptadas ao teu contexto, aos teus valores e ao teu ritmo.<br><\/p><\/div><\/div><div class=\"wp-block-uagb-faq-child uagb-faq-child__outer-wrap uagb-faq-item uagb-block-e94af796\" role=\"tab\" tabindex=\"0\"><div class=\"uagb-faq-questions-button uagb-faq-questions\">\t\t\t<span class=\"uagb-icon uagb-faq-icon-wrap\">\n\t\t\t\t\t\t\t\t<svg xmlns=\"https:\/\/www.w3.org\/2000\/svg\" viewbox= \"0 0 448 512\"><path d=\"M432 256c0 17.69-14.33 32.01-32 32.01H256v144c0 17.69-14.33 31.99-32 31.99s-32-14.3-32-31.99v-144H48c-17.67 0-32-14.32-32-32.01s14.33-31.99 32-31.99H192v-144c0-17.69 14.33-32.01 32-32.01s32 14.32 32 32.01v144h144C417.7 224 432 238.3 432 256z\"><\/path><\/svg>\n\t\t\t\t\t\t\t<\/span>\n\t\t\t\t\t\t<span class=\"uagb-icon-active uagb-faq-icon-wrap\">\n\t\t\t\t\t\t\t\t<svg xmlns=\"https:\/\/www.w3.org\/2000\/svg\" viewbox= \"0 0 448 512\"><path d=\"M400 288h-352c-17.69 0-32-14.32-32-32.01s14.31-31.99 32-31.99h352c17.69 0 32 14.3 32 31.99S417.7 288 400 288z\"><\/path><\/svg>\n\t\t\t\t\t\t\t<\/span>\n\t\t\t<span class=\"uagb-question\"><strong>Como traballaremos<\/strong>:<\/span><\/div><div class=\"uagb-faq-content\"><p>En cada sesi\u00f3n exploraremos o que che ocorre, buscando comprender que \u00e9 o que mant\u00e9n o malestar e que poder\u00eda axudarche a xestionalo doutra maneira.<br><br>O traballo ser\u00e1 activo: dentro da sesi\u00f3n revisaremos situaci\u00f3ns concretas e f\u00f3ra dela propo\u00f1ereiche exercicios ou reflexi\u00f3ns para trasladar o aprendido \u00e1 t\u00faa vida diaria.<br><br>A terapia non se limita a falar; \u00e9 un proceso de pr\u00e1ctica e descubrimento. A medida que avances, poder\u00e1s observar cambios non s\u00f3 en como pensas ou sintes, sen\u00f3n, sobre todo, en como escolles actuar.<br><\/p><\/div><\/div><div class=\"wp-block-uagb-faq-child uagb-faq-child__outer-wrap uagb-faq-item uagb-block-7b68d5a8\" role=\"tab\" tabindex=\"0\"><div class=\"uagb-faq-questions-button uagb-faq-questions\">\t\t\t<span class=\"uagb-icon uagb-faq-icon-wrap\">\n\t\t\t\t\t\t\t\t<svg xmlns=\"https:\/\/www.w3.org\/2000\/svg\" viewbox= \"0 0 448 512\"><path d=\"M432 256c0 17.69-14.33 32.01-32 32.01H256v144c0 17.69-14.33 31.99-32 31.99s-32-14.3-32-31.99v-144H48c-17.67 0-32-14.32-32-32.01s14.33-31.99 32-31.99H192v-144c0-17.69 14.33-32.01 32-32.01s32 14.32 32 32.01v144h144C417.7 224 432 238.3 432 256z\"><\/path><\/svg>\n\t\t\t\t\t\t\t<\/span>\n\t\t\t\t\t\t<span class=\"uagb-icon-active uagb-faq-icon-wrap\">\n\t\t\t\t\t\t\t\t<svg xmlns=\"https:\/\/www.w3.org\/2000\/svg\" viewbox= \"0 0 448 512\"><path d=\"M400 288h-352c-17.69 0-32-14.32-32-32.01s14.31-31.99 32-31.99h352c17.69 0 32 14.3 32 31.99S417.7 288 400 288z\"><\/path><\/svg>\n\t\t\t\t\t\t\t<\/span>\n\t\t\t<span class=\"uagb-question\"><strong>Un espazo seguro e sen xu\u00edzos<\/strong>:<\/span><\/div><div class=\"uagb-faq-content\"><p>Comezar unha terapia pode dar vertixe, e \u00e9 algo completamente normal. Aqu\u00ed atopar\u00e1s un espazo no que poder falar con calma, sen xu\u00edzos nin pr\u00e9sas. Un lugar de atenci\u00f3n e respecto.<br><br>A idea \u00e9 que poidas expresarte con liberdade, mesmo cando non saibas por onde comezar. \u00c1s veces o primeiro paso non \u00e9 ter todas as respostas, sen\u00f3n poder dicir \u201cnon sei\u201d e comezar desde a\u00ed.<br><br>O traballo que fagamos partir\u00e1 da t\u00faa historia, das t\u00faas circunstancias e do que para ti te\u00f1a sentido.<br><\/p><\/div><\/div><div class=\"wp-block-uagb-faq-child uagb-faq-child__outer-wrap uagb-faq-item uagb-block-a216358a\" role=\"tab\" tabindex=\"0\"><div class=\"uagb-faq-questions-button uagb-faq-questions\">\t\t\t<span class=\"uagb-icon uagb-faq-icon-wrap\">\n\t\t\t\t\t\t\t\t<svg xmlns=\"https:\/\/www.w3.org\/2000\/svg\" viewbox= \"0 0 448 512\"><path d=\"M432 256c0 17.69-14.33 32.01-32 32.01H256v144c0 17.69-14.33 31.99-32 31.99s-32-14.3-32-31.99v-144H48c-17.67 0-32-14.32-32-32.01s14.33-31.99 32-31.99H192v-144c0-17.69 14.33-32.01 32-32.01s32 14.32 32 32.01v144h144C417.7 224 432 238.3 432 256z\"><\/path><\/svg>\n\t\t\t\t\t\t\t<\/span>\n\t\t\t\t\t\t<span class=\"uagb-icon-active uagb-faq-icon-wrap\">\n\t\t\t\t\t\t\t\t<svg xmlns=\"https:\/\/www.w3.org\/2000\/svg\" viewbox= \"0 0 448 512\"><path d=\"M400 288h-352c-17.69 0-32-14.32-32-32.01s14.31-31.99 32-31.99h352c17.69 0 32 14.3 32 31.99S417.7 288 400 288z\"><\/path><\/svg>\n\t\t\t\t\t\t\t<\/span>\n\t\t\t<span class=\"uagb-question\"><strong>Sesi\u00f3ns e dispo\u00f1ibilidade<\/strong>:<\/span><\/div><div class=\"uagb-faq-content\"><p>As sesi\u00f3ns te\u00f1en unha duraci\u00f3n aproximada de 45 a 60 minutos, e poden realizarse presencialmente ou de forma en li\u00f1a.<br><br>A frecuencia ac\u00f3rdase segundo as t\u00faas necesidades e obxectivos, e pode axustarse ao longo do proceso.<br><br>Os horarios son flexibles e ad\u00e1ptanse, na medida do posible, \u00e1s t\u00faas circunstancias.<br><br>Se desexas m\u00e1is informaci\u00f3n ou concertar unha primeira cita, podes facelo directamente por WhatsApp ou a trav\u00e9s do formulario de contacto.<\/p><\/div><\/div><\/div><\/div><\/div>\n\n\n\n<p><\/p>","protected":false},"excerpt":{"rendered":"","protected":false},"author":1,"featured_media":0,"parent":0,"menu_order":0,"comment_status":"closed","ping_status":"closed","template":"","meta":{"_uag_custom_page_level_css":"","site-sidebar-layout":"no-sidebar","site-content-layout":"page-builder","ast-site-content-layout":"full-width-container","site-content-style":"unboxed","site-sidebar-style":"unboxed","ast-global-header-display":"","ast-banner-title-visibility":"","ast-main-header-display":"","ast-hfb-above-header-display":"","ast-hfb-below-header-display":"","ast-hfb-mobile-header-display":"","site-post-title":"disabled","ast-breadcrumbs-content":"","ast-featured-img":"disabled","footer-sml-layout":"","ast-disable-related-posts":"","theme-transparent-header-meta":"enabled","adv-header-id-meta":"","stick-header-meta":"","header-above-stick-meta":"","header-main-stick-meta":"","header-below-stick-meta":"","astra-migrate-meta-layouts":"set","ast-page-background-enabled":"default","ast-page-background-meta":{"desktop":{"background-color":"","background-image":"","background-repeat":"repeat","background-position":"center center","background-size":"auto","background-attachment":"scroll","background-type":"","background-media":"","overlay-type":"","overlay-color":"","overlay-opacity":"","overlay-gradient":""},"tablet":{"background-color":"","background-image":"","background-repeat":"repeat","background-position":"center center","background-size":"auto","background-attachment":"scroll","background-type":"","background-media":"","overlay-type":"","overlay-color":"","overlay-opacity":"","overlay-gradient":""},"mobile":{"background-color":"","background-image":"","background-repeat":"repeat","background-position":"center center","background-size":"auto","background-attachment":"scroll","background-type":"","background-media":"","overlay-type":"","overlay-color":"","overlay-opacity":"","overlay-gradient":""}},"ast-content-background-meta":{"desktop":{"background-color":"var(--ast-global-color-5)","background-image":"","background-repeat":"repeat","background-position":"center center","background-size":"auto","background-attachment":"scroll","background-type":"","background-media":"","overlay-type":"","overlay-color":"","overlay-opacity":"","overlay-gradient":""},"tablet":{"background-color":"var(--ast-global-color-5)","background-image":"","background-repeat":"repeat","background-position":"center center","background-size":"auto","background-attachment":"scroll","background-type":"","background-media":"","overlay-type":"","overlay-color":"","overlay-opacity":"","overlay-gradient":""},"mobile":{"background-color":"var(--ast-global-color-5)","background-image":"","background-repeat":"repeat","background-position":"center center","background-size":"auto","background-attachment":"scroll","background-type":"","background-media":"","overlay-type":"","overlay-color":"","overlay-opacity":"","overlay-gradient":""}},"footnotes":""},"class_list":["post-137","page","type-page","status-publish","hentry"],"yoast_head":"<!-- This site is optimized with the Yoast SEO plugin v27.4 - https:\/\/yoast.com\/product\/yoast-seo-wordpress\/ -->\n<title>Servicios - Psic\u00f3logo en Santiago de Compostela<\/title>\n<meta name=\"robots\" content=\"index, follow, max-snippet:-1, max-image-preview:large, max-video-preview:-1\" \/>\n<link rel=\"canonical\" href=\"https:\/\/pretopsicoloxia.com\/gl\/services\/\" \/>\n<meta property=\"og:locale\" content=\"gl_ES\" \/>\n<meta property=\"og:type\" content=\"article\" \/>\n<meta property=\"og:title\" content=\"Servicios - Psic\u00f3logo en Santiago de Compostela\" \/>\n<meta property=\"og:url\" content=\"https:\/\/pretopsicoloxia.com\/gl\/services\/\" \/>\n<meta property=\"og:site_name\" content=\"Psic\u00f3logo en Santiago de Compostela\" \/>\n<meta property=\"article:publisher\" content=\"https:\/\/www.instagram.com\/pretopsicoloxia\/\" \/>\n<meta property=\"article:modified_time\" content=\"2025-11-05T12:45:53+00:00\" \/>\n<meta name=\"twitter:card\" content=\"summary_large_image\" \/>\n<meta name=\"twitter:label1\" content=\"Tempo de lectura\" \/>\n\t<meta name=\"twitter:data1\" content=\"1 minuto\" \/>\n<script type=\"application\/ld+json\" class=\"yoast-schema-graph\">{\"@context\":\"https:\\\/\\\/schema.org\",\"@graph\":[{\"@type\":\"WebPage\",\"@id\":\"https:\\\/\\\/pretopsicoloxia.com\\\/services\\\/\",\"url\":\"https:\\\/\\\/pretopsicoloxia.com\\\/services\\\/\",\"name\":\"Servicios - Psic\u00f3logo en Santiago de Compostela\",\"isPartOf\":{\"@id\":\"https:\\\/\\\/pretopsicoloxia.com\\\/#website\"},\"datePublished\":\"2025-02-26T12:44:49+00:00\",\"dateModified\":\"2025-11-05T12:45:53+00:00\",\"breadcrumb\":{\"@id\":\"https:\\\/\\\/pretopsicoloxia.com\\\/services\\\/#breadcrumb\"},\"inLanguage\":\"gl-ES\",\"potentialAction\":[{\"@type\":\"ReadAction\",\"target\":[\"https:\\\/\\\/pretopsicoloxia.com\\\/services\\\/\"]}]},{\"@type\":\"BreadcrumbList\",\"@id\":\"https:\\\/\\\/pretopsicoloxia.com\\\/services\\\/#breadcrumb\",\"itemListElement\":[{\"@type\":\"ListItem\",\"position\":1,\"name\":\"Portada\",\"item\":\"https:\\\/\\\/pretopsicoloxia.com\\\/\"},{\"@type\":\"ListItem\",\"position\":2,\"name\":\"Servicios\"}]},{\"@type\":\"WebSite\",\"@id\":\"https:\\\/\\\/pretopsicoloxia.com\\\/#website\",\"url\":\"https:\\\/\\\/pretopsicoloxia.com\\\/\",\"name\":\"Preto Psicolox\u00eda\",\"description\":\"\",\"publisher\":{\"@id\":\"https:\\\/\\\/pretopsicoloxia.com\\\/#organization\"},\"potentialAction\":[{\"@type\":\"SearchAction\",\"target\":{\"@type\":\"EntryPoint\",\"urlTemplate\":\"https:\\\/\\\/pretopsicoloxia.com\\\/?s={search_term_string}\"},\"query-input\":{\"@type\":\"PropertyValueSpecification\",\"valueRequired\":true,\"valueName\":\"search_term_string\"}}],\"inLanguage\":\"gl-ES\"},{\"@type\":\"Organization\",\"@id\":\"https:\\\/\\\/pretopsicoloxia.com\\\/#organization\",\"name\":\"Preto Psicolox\u00eda\",\"url\":\"https:\\\/\\\/pretopsicoloxia.com\\\/\",\"logo\":{\"@type\":\"ImageObject\",\"inLanguage\":\"gl-ES\",\"@id\":\"https:\\\/\\\/pretopsicoloxia.com\\\/#\\\/schema\\\/logo\\\/image\\\/\",\"url\":\"https:\\\/\\\/pretopsicoloxia.com\\\/wp-content\\\/uploads\\\/2025\\\/03\\\/DEF-1000-e1742820441798.png\",\"contentUrl\":\"https:\\\/\\\/pretopsicoloxia.com\\\/wp-content\\\/uploads\\\/2025\\\/03\\\/DEF-1000-e1742820441798.png\",\"width\":743,\"height\":363,\"caption\":\"Preto Psicolox\u00eda\"},\"image\":{\"@id\":\"https:\\\/\\\/pretopsicoloxia.com\\\/#\\\/schema\\\/logo\\\/image\\\/\"},\"sameAs\":[\"https:\\\/\\\/www.instagram.com\\\/pretopsicoloxia\\\/\"]}]}<\/script>\n<!-- \/ Yoast SEO plugin. -->","yoast_head_json":{"title":"Servicios - Psic\u00f3logo en Santiago de Compostela","robots":{"index":"index","follow":"follow","max-snippet":"max-snippet:-1","max-image-preview":"max-image-preview:large","max-video-preview":"max-video-preview:-1"},"canonical":"https:\/\/pretopsicoloxia.com\/gl\/services\/","og_locale":"gl_ES","og_type":"article","og_title":"Servicios - Psic\u00f3logo en Santiago de Compostela","og_url":"https:\/\/pretopsicoloxia.com\/gl\/services\/","og_site_name":"Psic\u00f3logo en Santiago de Compostela","article_publisher":"https:\/\/www.instagram.com\/pretopsicoloxia\/","article_modified_time":"2025-11-05T12:45:53+00:00","twitter_card":"summary_large_image","twitter_misc":{"Tempo de lectura":"1 minuto"},"schema":{"@context":"https:\/\/schema.org","@graph":[{"@type":"WebPage","@id":"https:\/\/pretopsicoloxia.com\/services\/","url":"https:\/\/pretopsicoloxia.com\/services\/","name":"Servicios - Psic\u00f3logo en Santiago de Compostela","isPartOf":{"@id":"https:\/\/pretopsicoloxia.com\/#website"},"datePublished":"2025-02-26T12:44:49+00:00","dateModified":"2025-11-05T12:45:53+00:00","breadcrumb":{"@id":"https:\/\/pretopsicoloxia.com\/services\/#breadcrumb"},"inLanguage":"gl-ES","potentialAction":[{"@type":"ReadAction","target":["https:\/\/pretopsicoloxia.com\/services\/"]}]},{"@type":"BreadcrumbList","@id":"https:\/\/pretopsicoloxia.com\/services\/#breadcrumb","itemListElement":[{"@type":"ListItem","position":1,"name":"Portada","item":"https:\/\/pretopsicoloxia.com\/"},{"@type":"ListItem","position":2,"name":"Servicios"}]},{"@type":"WebSite","@id":"https:\/\/pretopsicoloxia.com\/#website","url":"https:\/\/pretopsicoloxia.com\/","name":"Preto Psicolox\u00eda","description":"","publisher":{"@id":"https:\/\/pretopsicoloxia.com\/#organization"},"potentialAction":[{"@type":"SearchAction","target":{"@type":"EntryPoint","urlTemplate":"https:\/\/pretopsicoloxia.com\/?s={search_term_string}"},"query-input":{"@type":"PropertyValueSpecification","valueRequired":true,"valueName":"search_term_string"}}],"inLanguage":"gl-ES"},{"@type":"Organization","@id":"https:\/\/pretopsicoloxia.com\/#organization","name":"Preto Psicolox\u00eda","url":"https:\/\/pretopsicoloxia.com\/","logo":{"@type":"ImageObject","inLanguage":"gl-ES","@id":"https:\/\/pretopsicoloxia.com\/#\/schema\/logo\/image\/","url":"https:\/\/pretopsicoloxia.com\/wp-content\/uploads\/2025\/03\/DEF-1000-e1742820441798.png","contentUrl":"https:\/\/pretopsicoloxia.com\/wp-content\/uploads\/2025\/03\/DEF-1000-e1742820441798.png","width":743,"height":363,"caption":"Preto Psicolox\u00eda"},"image":{"@id":"https:\/\/pretopsicoloxia.com\/#\/schema\/logo\/image\/"},"sameAs":["https:\/\/www.instagram.com\/pretopsicoloxia\/"]}]}},"uagb_featured_image_src":{"full":false,"thumbnail":false,"medium":false,"medium_large":false,"large":false,"1536x1536":false,"2048x2048":false,"trp-custom-language-flag":false},"uagb_author_info":{"display_name":"sergio.garcia.mato@gmail.com","author_link":"https:\/\/pretopsicoloxia.com\/gl\/author\/sergio-garcia-matogmail-com\/"},"uagb_comment_info":0,"uagb_excerpt":null,"_links":{"self":[{"href":"https:\/\/pretopsicoloxia.com\/gl\/wp-json\/wp\/v2\/pages\/137","targetHints":{"allow":["GET"]}}],"collection":[{"href":"https:\/\/pretopsicoloxia.com\/gl\/wp-json\/wp\/v2\/pages"}],"about":[{"href":"https:\/\/pretopsicoloxia.com\/gl\/wp-json\/wp\/v2\/types\/page"}],"author":[{"embeddable":true,"href":"https:\/\/pretopsicoloxia.com\/gl\/wp-json\/wp\/v2\/users\/1"}],"replies":[{"embeddable":true,"href":"https:\/\/pretopsicoloxia.com\/gl\/wp-json\/wp\/v2\/comments?post=137"}],"version-history":[{"count":62,"href":"https:\/\/pretopsicoloxia.com\/gl\/wp-json\/wp\/v2\/pages\/137\/revisions"}],"predecessor-version":[{"id":3195,"href":"https:\/\/pretopsicoloxia.com\/gl\/wp-json\/wp\/v2\/pages\/137\/revisions\/3195"}],"wp:attachment":[{"href":"https:\/\/pretopsicoloxia.com\/gl\/wp-json\/wp\/v2\/media?parent=137"}],"curies":[{"name":"wp","href":"https:\/\/api.w.org\/{rel}","templated":true}]}}