{"id":2405,"date":"2025-04-13T17:33:18","date_gmt":"2025-04-13T17:33:18","guid":{"rendered":"https:\/\/pretopsicoloxia.com\/?page_id=2405"},"modified":"2025-04-13T19:04:06","modified_gmt":"2025-04-13T19:04:06","slug":"politica-de-privacidad","status":"publish","type":"page","link":"https:\/\/pretopsicoloxia.com\/gl\/politica-de-privacidad\/","title":{"rendered":"Pol\u00edtica de privacidade"},"content":{"rendered":"<div class=\"wp-block-uagb-container uagb-block-uor8pkw5 alignwide uagb-is-root-container\">\n<div class=\"wp-block-uagb-info-box uagb-block-vxledkn4 uagb-infobox__content-wrap  uagb-infobox-icon-above-title uagb-infobox-image-valign-top\"><div class=\"uagb-ifb-content\"><div class=\"uagb-ifb-title-wrap\"><h2 class=\"uagb-ifb-title\">Pol\u00edtica de privacidade<br><\/h2><\/div><p class=\"uagb-ifb-desc\">En cumprimento do Regulamento (UE) 2016\/679, do 27 de abril de 2016 (RGPD), e da Lei Org\u00e1nica 3\/2018, do 5 de decembro (LOPDGDD), inf\u00f3rmase o usuario de que a trav\u00e9s do presente sitio web se recollen e tratan datos persoais, respectando en todo momento os principios de licitude, lealdade, transparencia, minimizaci\u00f3n, integridade e confidencialidade.<br><br><strong>1. Responsable do tratamento<\/strong>:<br><strong>Nome completo:<\/strong> Sergio Garc\u00eda Mato<br><strong>Domicilio profesional:<\/strong> Avenida de Lugo n\u00ba30, Baixo Esqda, Santiago de Compostela, 15707 (A Coru\u00f1a)<br><strong>Tel\u00e9fono de contacto:<\/strong> 722256043<br><strong>Correo electr\u00f3nico:<\/strong> info@pretopsicoloxia.com<br><strong>N\u00famero de colexiado:<\/strong> G-7294<br><strong>Colexio Profesional:<\/strong> Colexio Oficial de Psicolox\u00eda de Galicia<br><br><strong>2. Finalidad do tratamento<\/strong>:<br>Os datos persoais recollidos a trav\u00e9s do formulario de contacto ou calquera outro medio nesta web trataranse coas seguintes finalidades:<br>Atender as solicitudes de contacto ou informaci\u00f3n realizadas polos usuarios.<br>Xestionar a relaci\u00f3n profesional en caso de iniciar intervenci\u00f3n psicol\u00f3xica.<br>Enviar comunicaci\u00f3ns relacionadas exclusivamente cos servizos solicitados.<br><strong>Non se enviar\u00e1 publicidade nin bolet\u00edns comerciais.<\/strong><br><br><strong>3. Lexitimaci\u00f3n<\/strong>:<br>O tratamento dos datos est\u00e1 baseado no <strong>consentimento expreso<\/strong> do interesado, outorgado ao marcar a casa correspondente no formulario de contacto.<br><br><strong>4. Conservaci\u00f3n dos datos<\/strong>:<br>Os datos conservaranse durante o tempo necesario para atender a consulta ou \u00e1 relaci\u00f3n terap\u00e9utica. Posteriormente, eliminaranse salvo obrigaci\u00f3n legal de conservaci\u00f3n.<br><br><strong>5. Destinatarios<\/strong>:<br>Non se comunicar\u00e1n datos a terceiros, salvo obrigaci\u00f3n legal.<br>No se realizan transferencias internacionais de datos.<br><br><strong>6. Dereitos do usuario<\/strong>:<br>Podes exercer os teus dereitos de acceso, rectificaci\u00f3n, supresi\u00f3n, limitaci\u00f3n do tratamento, portabilidade e oposici\u00f3n dirix\u00edndoche por escrito \u00e1 direcci\u00f3n de correo electr\u00f3nico indicada anteriormente, anexando copia do teu documento de identidade.<br>Tes dereito a presentar unha reclamaci\u00f3n ante a Agencia Espa\u00f1ola de Protecci\u00f3n de Datos (<a class=\"\" href=\"http:\/\/www.aepd.es\">www.aepd.es<\/a>) se consideras que non se atenderon correctamente os teus dereitos.<br><br><strong>7. Seguridade<\/strong>:<br>Adopt\u00e1ronse as medidas t\u00e9cnicas e organizativas necesarias para garantir a seguridade dos datos e evitar a s\u00faa alteraci\u00f3n, perda, tratamento ou acceso non autorizado.<br><br><strong>8. Menores de idade<\/strong>:<br>Esta web non est\u00e1 dirixida a menores de 14 anos. Se es menor de idade, non debes utilizar os nosos formularios sen consentimento dos teus pais ou titores.<br><br><strong>9. Modificaci\u00f3ns desta pol\u00edtica<\/strong>:<br>Reserv\u00e1monos o dereito de modificar a presente pol\u00edtica para adaptala a novidades lexislativas ou xurisprudenciais.<\/p><\/div><\/div>\n<\/div>","protected":false},"excerpt":{"rendered":"","protected":false},"author":1,"featured_media":0,"parent":0,"menu_order":0,"comment_status":"closed","ping_status":"closed","template":"","meta":{"_uag_custom_page_level_css":"","site-sidebar-layout":"default","site-content-layout":"","ast-site-content-layout":"default","site-content-style":"default","site-sidebar-style":"default","ast-global-header-display":"","ast-banner-title-visibility":"","ast-main-header-display":"","ast-hfb-above-header-display":"","ast-hfb-below-header-display":"","ast-hfb-mobile-header-display":"","site-post-title":"disabled","ast-breadcrumbs-content":"","ast-featured-img":"","footer-sml-layout":"","ast-disable-related-posts":"","theme-transparent-header-meta":"","adv-header-id-meta":"","stick-header-meta":"","header-above-stick-meta":"","header-main-stick-meta":"","header-below-stick-meta":"","astra-migrate-meta-layouts":"set","ast-page-background-enabled":"default","ast-page-background-meta":{"desktop":{"background-color":"","background-image":"","background-repeat":"repeat","background-position":"center center","background-size":"auto","background-attachment":"scroll","background-type":"","background-media":"","overlay-type":"","overlay-color":"","overlay-opacity":"","overlay-gradient":""},"tablet":{"background-color":"","background-image":"","background-repeat":"repeat","background-position":"center center","background-size":"auto","background-attachment":"scroll","background-type":"","background-media":"","overlay-type":"","overlay-color":"","overlay-opacity":"","overlay-gradient":""},"mobile":{"background-color":"","background-image":"","background-repeat":"repeat","background-position":"center center","background-size":"auto","background-attachment":"scroll","background-type":"","background-media":"","overlay-type":"","overlay-color":"","overlay-opacity":"","overlay-gradient":""}},"ast-content-background-meta":{"desktop":{"background-color":"var(--ast-global-color-5)","background-image":"","background-repeat":"repeat","background-position":"center center","background-size":"auto","background-attachment":"scroll","background-type":"","background-media":"","overlay-type":"","overlay-color":"","overlay-opacity":"","overlay-gradient":""},"tablet":{"background-color":"var(--ast-global-color-5)","background-image":"","background-repeat":"repeat","background-position":"center center","background-size":"auto","background-attachment":"scroll","background-type":"","background-media":"","overlay-type":"","overlay-color":"","overlay-opacity":"","overlay-gradient":""},"mobile":{"background-color":"var(--ast-global-color-5)","background-image":"","background-repeat":"repeat","background-position":"center center","background-size":"auto","background-attachment":"scroll","background-type":"","background-media":"","overlay-type":"","overlay-color":"","overlay-opacity":"","overlay-gradient":""}},"footnotes":""},"class_list":["post-2405","page","type-page","status-publish","hentry"],"yoast_head":"<!-- This site is optimized with the Yoast SEO plugin v27.4 - https:\/\/yoast.com\/product\/yoast-seo-wordpress\/ -->\n<title>Pol\u00edtica de privacidad - Psic\u00f3logo en Santiago de Compostela<\/title>\n<meta name=\"robots\" content=\"index, follow, max-snippet:-1, max-image-preview:large, max-video-preview:-1\" \/>\n<link rel=\"canonical\" href=\"https:\/\/pretopsicoloxia.com\/gl\/politica-de-privacidad\/\" \/>\n<meta property=\"og:locale\" content=\"gl_ES\" \/>\n<meta property=\"og:type\" content=\"article\" \/>\n<meta property=\"og:title\" content=\"Pol\u00edtica de privacidad - Psic\u00f3logo en Santiago de Compostela\" \/>\n<meta property=\"og:url\" content=\"https:\/\/pretopsicoloxia.com\/gl\/politica-de-privacidad\/\" \/>\n<meta property=\"og:site_name\" content=\"Psic\u00f3logo en Santiago de Compostela\" \/>\n<meta property=\"article:publisher\" content=\"https:\/\/www.instagram.com\/pretopsicoloxia\/\" \/>\n<meta property=\"article:modified_time\" content=\"2025-04-13T19:04:06+00:00\" \/>\n<meta name=\"twitter:card\" content=\"summary_large_image\" \/>\n<meta name=\"twitter:label1\" content=\"Tempo de lectura\" \/>\n\t<meta name=\"twitter:data1\" content=\"2 minutos\" \/>\n<script type=\"application\/ld+json\" class=\"yoast-schema-graph\">{\"@context\":\"https:\\\/\\\/schema.org\",\"@graph\":[{\"@type\":\"WebPage\",\"@id\":\"https:\\\/\\\/pretopsicoloxia.com\\\/gl\\\/politica-de-privacidad\\\/\",\"url\":\"https:\\\/\\\/pretopsicoloxia.com\\\/gl\\\/politica-de-privacidad\\\/\",\"name\":\"Pol\u00edtica de privacidad - Psic\u00f3logo en Santiago de Compostela\",\"isPartOf\":{\"@id\":\"https:\\\/\\\/pretopsicoloxia.com\\\/#website\"},\"datePublished\":\"2025-04-13T17:33:18+00:00\",\"dateModified\":\"2025-04-13T19:04:06+00:00\",\"breadcrumb\":{\"@id\":\"https:\\\/\\\/pretopsicoloxia.com\\\/gl\\\/politica-de-privacidad\\\/#breadcrumb\"},\"inLanguage\":\"gl-ES\",\"potentialAction\":[{\"@type\":\"ReadAction\",\"target\":[\"https:\\\/\\\/pretopsicoloxia.com\\\/gl\\\/politica-de-privacidad\\\/\"]}]},{\"@type\":\"BreadcrumbList\",\"@id\":\"https:\\\/\\\/pretopsicoloxia.com\\\/gl\\\/politica-de-privacidad\\\/#breadcrumb\",\"itemListElement\":[{\"@type\":\"ListItem\",\"position\":1,\"name\":\"Portada\",\"item\":\"https:\\\/\\\/pretopsicoloxia.com\\\/\"},{\"@type\":\"ListItem\",\"position\":2,\"name\":\"Pol\u00edtica de privacidad\"}]},{\"@type\":\"WebSite\",\"@id\":\"https:\\\/\\\/pretopsicoloxia.com\\\/#website\",\"url\":\"https:\\\/\\\/pretopsicoloxia.com\\\/\",\"name\":\"Preto Psicolox\u00eda\",\"description\":\"\",\"publisher\":{\"@id\":\"https:\\\/\\\/pretopsicoloxia.com\\\/#organization\"},\"potentialAction\":[{\"@type\":\"SearchAction\",\"target\":{\"@type\":\"EntryPoint\",\"urlTemplate\":\"https:\\\/\\\/pretopsicoloxia.com\\\/?s={search_term_string}\"},\"query-input\":{\"@type\":\"PropertyValueSpecification\",\"valueRequired\":true,\"valueName\":\"search_term_string\"}}],\"inLanguage\":\"gl-ES\"},{\"@type\":\"Organization\",\"@id\":\"https:\\\/\\\/pretopsicoloxia.com\\\/#organization\",\"name\":\"Preto Psicolox\u00eda\",\"url\":\"https:\\\/\\\/pretopsicoloxia.com\\\/\",\"logo\":{\"@type\":\"ImageObject\",\"inLanguage\":\"gl-ES\",\"@id\":\"https:\\\/\\\/pretopsicoloxia.com\\\/#\\\/schema\\\/logo\\\/image\\\/\",\"url\":\"https:\\\/\\\/pretopsicoloxia.com\\\/wp-content\\\/uploads\\\/2025\\\/03\\\/DEF-1000-e1742820441798.png\",\"contentUrl\":\"https:\\\/\\\/pretopsicoloxia.com\\\/wp-content\\\/uploads\\\/2025\\\/03\\\/DEF-1000-e1742820441798.png\",\"width\":743,\"height\":363,\"caption\":\"Preto Psicolox\u00eda\"},\"image\":{\"@id\":\"https:\\\/\\\/pretopsicoloxia.com\\\/#\\\/schema\\\/logo\\\/image\\\/\"},\"sameAs\":[\"https:\\\/\\\/www.instagram.com\\\/pretopsicoloxia\\\/\"]}]}<\/script>\n<!-- \/ Yoast SEO plugin. -->","yoast_head_json":{"title":"Pol\u00edtica de privacidad - Psic\u00f3logo en Santiago de Compostela","robots":{"index":"index","follow":"follow","max-snippet":"max-snippet:-1","max-image-preview":"max-image-preview:large","max-video-preview":"max-video-preview:-1"},"canonical":"https:\/\/pretopsicoloxia.com\/gl\/politica-de-privacidad\/","og_locale":"gl_ES","og_type":"article","og_title":"Pol\u00edtica de privacidad - Psic\u00f3logo en Santiago de Compostela","og_url":"https:\/\/pretopsicoloxia.com\/gl\/politica-de-privacidad\/","og_site_name":"Psic\u00f3logo en Santiago de Compostela","article_publisher":"https:\/\/www.instagram.com\/pretopsicoloxia\/","article_modified_time":"2025-04-13T19:04:06+00:00","twitter_card":"summary_large_image","twitter_misc":{"Tempo de lectura":"2 minutos"},"schema":{"@context":"https:\/\/schema.org","@graph":[{"@type":"WebPage","@id":"https:\/\/pretopsicoloxia.com\/gl\/politica-de-privacidad\/","url":"https:\/\/pretopsicoloxia.com\/gl\/politica-de-privacidad\/","name":"Pol\u00edtica de privacidad - Psic\u00f3logo en Santiago de Compostela","isPartOf":{"@id":"https:\/\/pretopsicoloxia.com\/#website"},"datePublished":"2025-04-13T17:33:18+00:00","dateModified":"2025-04-13T19:04:06+00:00","breadcrumb":{"@id":"https:\/\/pretopsicoloxia.com\/gl\/politica-de-privacidad\/#breadcrumb"},"inLanguage":"gl-ES","potentialAction":[{"@type":"ReadAction","target":["https:\/\/pretopsicoloxia.com\/gl\/politica-de-privacidad\/"]}]},{"@type":"BreadcrumbList","@id":"https:\/\/pretopsicoloxia.com\/gl\/politica-de-privacidad\/#breadcrumb","itemListElement":[{"@type":"ListItem","position":1,"name":"Portada","item":"https:\/\/pretopsicoloxia.com\/"},{"@type":"ListItem","position":2,"name":"Pol\u00edtica de privacidad"}]},{"@type":"WebSite","@id":"https:\/\/pretopsicoloxia.com\/#website","url":"https:\/\/pretopsicoloxia.com\/","name":"Preto Psicolox\u00eda","description":"","publisher":{"@id":"https:\/\/pretopsicoloxia.com\/#organization"},"potentialAction":[{"@type":"SearchAction","target":{"@type":"EntryPoint","urlTemplate":"https:\/\/pretopsicoloxia.com\/?s={search_term_string}"},"query-input":{"@type":"PropertyValueSpecification","valueRequired":true,"valueName":"search_term_string"}}],"inLanguage":"gl-ES"},{"@type":"Organization","@id":"https:\/\/pretopsicoloxia.com\/#organization","name":"Preto Psicolox\u00eda","url":"https:\/\/pretopsicoloxia.com\/","logo":{"@type":"ImageObject","inLanguage":"gl-ES","@id":"https:\/\/pretopsicoloxia.com\/#\/schema\/logo\/image\/","url":"https:\/\/pretopsicoloxia.com\/wp-content\/uploads\/2025\/03\/DEF-1000-e1742820441798.png","contentUrl":"https:\/\/pretopsicoloxia.com\/wp-content\/uploads\/2025\/03\/DEF-1000-e1742820441798.png","width":743,"height":363,"caption":"Preto Psicolox\u00eda"},"image":{"@id":"https:\/\/pretopsicoloxia.com\/#\/schema\/logo\/image\/"},"sameAs":["https:\/\/www.instagram.com\/pretopsicoloxia\/"]}]}},"uagb_featured_image_src":{"full":false,"thumbnail":false,"medium":false,"medium_large":false,"large":false,"1536x1536":false,"2048x2048":false,"trp-custom-language-flag":false},"uagb_author_info":{"display_name":"sergio.garcia.mato@gmail.com","author_link":"https:\/\/pretopsicoloxia.com\/gl\/author\/sergio-garcia-matogmail-com\/"},"uagb_comment_info":0,"uagb_excerpt":null,"_links":{"self":[{"href":"https:\/\/pretopsicoloxia.com\/gl\/wp-json\/wp\/v2\/pages\/2405","targetHints":{"allow":["GET"]}}],"collection":[{"href":"https:\/\/pretopsicoloxia.com\/gl\/wp-json\/wp\/v2\/pages"}],"about":[{"href":"https:\/\/pretopsicoloxia.com\/gl\/wp-json\/wp\/v2\/types\/page"}],"author":[{"embeddable":true,"href":"https:\/\/pretopsicoloxia.com\/gl\/wp-json\/wp\/v2\/users\/1"}],"replies":[{"embeddable":true,"href":"https:\/\/pretopsicoloxia.com\/gl\/wp-json\/wp\/v2\/comments?post=2405"}],"version-history":[{"count":17,"href":"https:\/\/pretopsicoloxia.com\/gl\/wp-json\/wp\/v2\/pages\/2405\/revisions"}],"predecessor-version":[{"id":2445,"href":"https:\/\/pretopsicoloxia.com\/gl\/wp-json\/wp\/v2\/pages\/2405\/revisions\/2445"}],"wp:attachment":[{"href":"https:\/\/pretopsicoloxia.com\/gl\/wp-json\/wp\/v2\/media?parent=2405"}],"curies":[{"name":"wp","href":"https:\/\/api.w.org\/{rel}","templated":true}]}}